{"id":15,"date":"2017-01-25T10:21:42","date_gmt":"2017-01-25T09:21:42","guid":{"rendered":"https:\/\/www.fournel-conseil.fr\/?page_id=15"},"modified":"2024-10-15T23:19:26","modified_gmt":"2024-10-15T21:19:26","slug":"contact","status":"publish","type":"page","link":"https:\/\/fournel-advisory.com\/en\/contact\/","title":{"rendered":"Contact us"},"content":{"rendered":"","protected":false},"excerpt":{"rendered":"","protected":false},"author":1,"featured_media":0,"parent":0,"menu_order":0,"comment_status":"closed","ping_status":"closed","template":"","meta":{"_acf_changed":false,"footnotes":""},"class_list":["post-15","page","type-page","status-publish","hentry"],"acf":[],"yoast_head":"<!-- This site is optimized with the Yoast SEO plugin v24.0 - https:\/\/yoast.com\/wordpress\/plugins\/seo\/ -->\n<title>Contact - Fournel Advisory<\/title>\n<meta name=\"description\" content=\"Fournel Advisory: Pierre-Jean ESMIEU-FOURNEL, 310 Rue de Vaugirard, 75015 Paris. Contactez-nous\" \/>\n<meta name=\"robots\" content=\"index, follow, max-snippet:-1, max-image-preview:large, max-video-preview:-1\" \/>\n<link rel=\"canonical\" href=\"https:\/\/fournel-advisory.com\/en\/contact\/\" \/>\n<meta property=\"og:locale\" content=\"en_GB\" \/>\n<meta property=\"og:type\" content=\"article\" \/>\n<meta property=\"og:title\" content=\"Contact - Fournel Advisory\" \/>\n<meta property=\"og:description\" content=\"Fournel Advisory: Pierre-Jean ESMIEU-FOURNEL, 310 Rue de Vaugirard, 75015 Paris. Contactez-nous\" \/>\n<meta property=\"og:url\" content=\"https:\/\/fournel-advisory.com\/en\/contact\/\" \/>\n<meta property=\"og:site_name\" content=\"FOURNEL ADVISORY\" \/>\n<meta property=\"article:modified_time\" content=\"2024-10-15T21:19:26+00:00\" \/>\n<meta name=\"twitter:card\" content=\"summary_large_image\" \/>\n<meta name=\"twitter:label1\" content=\"Estimated reading time\" \/>\n\t<meta name=\"twitter:data1\" content=\"1 minute\" \/>\n<script type=\"application\/ld+json\" class=\"yoast-schema-graph\">{\"@context\":\"https:\/\/schema.org\",\"@graph\":[{\"@type\":\"WebPage\",\"@id\":\"https:\/\/fournel-advisory.com\/contact\/\",\"url\":\"https:\/\/fournel-advisory.com\/contact\/\",\"name\":\"Contact - Fournel Advisory\",\"isPartOf\":{\"@id\":\"https:\/\/fournel-advisory.com\/#website\"},\"datePublished\":\"2017-01-25T09:21:42+00:00\",\"dateModified\":\"2024-10-15T21:19:26+00:00\",\"description\":\"Fournel Advisory: Pierre-Jean ESMIEU-FOURNEL, 310 Rue de Vaugirard, 75015 Paris. Contactez-nous\",\"breadcrumb\":{\"@id\":\"https:\/\/fournel-advisory.com\/contact\/#breadcrumb\"},\"inLanguage\":\"en-GB\",\"potentialAction\":[{\"@type\":\"ReadAction\",\"target\":[\"https:\/\/fournel-advisory.com\/contact\/\"]}]},{\"@type\":\"BreadcrumbList\",\"@id\":\"https:\/\/fournel-advisory.com\/contact\/#breadcrumb\",\"itemListElement\":[{\"@type\":\"ListItem\",\"position\":1,\"name\":\"Accueil\",\"item\":\"https:\/\/fournel-advisory.com\/\"},{\"@type\":\"ListItem\",\"position\":2,\"name\":\"Contact\"}]},{\"@type\":\"WebSite\",\"@id\":\"https:\/\/fournel-advisory.com\/#website\",\"url\":\"https:\/\/fournel-advisory.com\/\",\"name\":\"FOURNEL ADVISORY\",\"description\":\"Une soci\u00e9t\u00e9 de conseil sp\u00e9cialis\u00e9e en fusions-acquisitions, lev\u00e9e de fonds et situations sp\u00e9ciales.\",\"publisher\":{\"@id\":\"https:\/\/fournel-advisory.com\/#organization\"},\"potentialAction\":[{\"@type\":\"SearchAction\",\"target\":{\"@type\":\"EntryPoint\",\"urlTemplate\":\"https:\/\/fournel-advisory.com\/?s={search_term_string}\"},\"query-input\":{\"@type\":\"PropertyValueSpecification\",\"valueRequired\":true,\"valueName\":\"search_term_string\"}}],\"inLanguage\":\"en-GB\"},{\"@type\":\"Organization\",\"@id\":\"https:\/\/fournel-advisory.com\/#organization\",\"name\":\"FOURNEL ADVISORY\",\"url\":\"https:\/\/fournel-advisory.com\/\",\"logo\":{\"@type\":\"ImageObject\",\"inLanguage\":\"en-GB\",\"@id\":\"https:\/\/fournel-advisory.com\/#\/schema\/logo\/image\/\",\"url\":\"https:\/\/fournel-advisory.com\/wp-content\/uploads\/2024\/08\/Logo-FA-Blanc.png\",\"contentUrl\":\"https:\/\/fournel-advisory.com\/wp-content\/uploads\/2024\/08\/Logo-FA-Blanc.png\",\"width\":2363,\"height\":1323,\"caption\":\"FOURNEL ADVISORY\"},\"image\":{\"@id\":\"https:\/\/fournel-advisory.com\/#\/schema\/logo\/image\/\"}}]}<\/script>\n<!-- \/ Yoast SEO plugin. -->","yoast_head_json":{"title":"Contact - Fournel Advisory","description":"Fournel Advisory: Pierre-Jean ESMIEU-FOURNEL, 310 Rue de Vaugirard, 75015 Paris. Contactez-nous","robots":{"index":"index","follow":"follow","max-snippet":"max-snippet:-1","max-image-preview":"max-image-preview:large","max-video-preview":"max-video-preview:-1"},"canonical":"https:\/\/fournel-advisory.com\/en\/contact\/","og_locale":"en_GB","og_type":"article","og_title":"Contact - Fournel Advisory","og_description":"Fournel Advisory: Pierre-Jean ESMIEU-FOURNEL, 310 Rue de Vaugirard, 75015 Paris. Contactez-nous","og_url":"https:\/\/fournel-advisory.com\/en\/contact\/","og_site_name":"FOURNEL ADVISORY","article_modified_time":"2024-10-15T21:19:26+00:00","twitter_card":"summary_large_image","twitter_misc":{"Estimated reading time":"1 minute"},"schema":{"@context":"https:\/\/schema.org","@graph":[{"@type":"WebPage","@id":"https:\/\/fournel-advisory.com\/contact\/","url":"https:\/\/fournel-advisory.com\/contact\/","name":"Contact - Fournel Advisory","isPartOf":{"@id":"https:\/\/fournel-advisory.com\/#website"},"datePublished":"2017-01-25T09:21:42+00:00","dateModified":"2024-10-15T21:19:26+00:00","description":"Fournel Advisory: Pierre-Jean ESMIEU-FOURNEL, 310 Rue de Vaugirard, 75015 Paris. Contactez-nous","breadcrumb":{"@id":"https:\/\/fournel-advisory.com\/contact\/#breadcrumb"},"inLanguage":"en-GB","potentialAction":[{"@type":"ReadAction","target":["https:\/\/fournel-advisory.com\/contact\/"]}]},{"@type":"BreadcrumbList","@id":"https:\/\/fournel-advisory.com\/contact\/#breadcrumb","itemListElement":[{"@type":"ListItem","position":1,"name":"Accueil","item":"https:\/\/fournel-advisory.com\/"},{"@type":"ListItem","position":2,"name":"Contact"}]},{"@type":"WebSite","@id":"https:\/\/fournel-advisory.com\/#website","url":"https:\/\/fournel-advisory.com\/","name":"FOURNEL ADVISORY","description":"Une soci\u00e9t\u00e9 de conseil sp\u00e9cialis\u00e9e en fusions-acquisitions, lev\u00e9e de fonds et situations sp\u00e9ciales.","publisher":{"@id":"https:\/\/fournel-advisory.com\/#organization"},"potentialAction":[{"@type":"SearchAction","target":{"@type":"EntryPoint","urlTemplate":"https:\/\/fournel-advisory.com\/?s={search_term_string}"},"query-input":{"@type":"PropertyValueSpecification","valueRequired":true,"valueName":"search_term_string"}}],"inLanguage":"en-GB"},{"@type":"Organization","@id":"https:\/\/fournel-advisory.com\/#organization","name":"FOURNEL ADVISORY","url":"https:\/\/fournel-advisory.com\/","logo":{"@type":"ImageObject","inLanguage":"en-GB","@id":"https:\/\/fournel-advisory.com\/#\/schema\/logo\/image\/","url":"https:\/\/fournel-advisory.com\/wp-content\/uploads\/2024\/08\/Logo-FA-Blanc.png","contentUrl":"https:\/\/fournel-advisory.com\/wp-content\/uploads\/2024\/08\/Logo-FA-Blanc.png","width":2363,"height":1323,"caption":"FOURNEL ADVISORY"},"image":{"@id":"https:\/\/fournel-advisory.com\/#\/schema\/logo\/image\/"}}]}},"_links":{"self":[{"href":"https:\/\/fournel-advisory.com\/en\/wp-json\/wp\/v2\/pages\/15","targetHints":{"allow":["GET"]}}],"collection":[{"href":"https:\/\/fournel-advisory.com\/en\/wp-json\/wp\/v2\/pages"}],"about":[{"href":"https:\/\/fournel-advisory.com\/en\/wp-json\/wp\/v2\/types\/page"}],"author":[{"embeddable":true,"href":"https:\/\/fournel-advisory.com\/en\/wp-json\/wp\/v2\/users\/1"}],"replies":[{"embeddable":true,"href":"https:\/\/fournel-advisory.com\/en\/wp-json\/wp\/v2\/comments?post=15"}],"version-history":[{"count":18,"href":"https:\/\/fournel-advisory.com\/en\/wp-json\/wp\/v2\/pages\/15\/revisions"}],"predecessor-version":[{"id":72921,"href":"https:\/\/fournel-advisory.com\/en\/wp-json\/wp\/v2\/pages\/15\/revisions\/72921"}],"wp:attachment":[{"href":"https:\/\/fournel-advisory.com\/en\/wp-json\/wp\/v2\/media?parent=15"}],"curies":[{"name":"wp","href":"https:\/\/api.w.org\/{rel}","templated":true}]}}